{"id":50816,"date":"2022-01-11T11:43:51","date_gmt":"2022-01-11T10:43:51","guid":{"rendered":"https:\/\/pin-sec.com\/campingplatz\/"},"modified":"2024-05-22T13:20:37","modified_gmt":"2024-05-22T11:20:37","slug":"campingplatz","status":"publish","type":"page","link":"https:\/\/pin-sec.com\/de\/campingplatz\/","title":{"rendered":"Campingplatz"},"content":{"rendered":"<p>[et_pb_section fb_built=&#8220;1&#8243; admin_label=&#8220;Header&#8220; _builder_version=&#8220;4.16&#8243; custom_padding=&#8220;0px|||||&#8220; global_colors_info=&#8220;{}&#8220;][et_pb_row column_structure=&#8220;1_2,1_2&#8243; use_custom_gutter=&#8220;on&#8220; make_equal=&#8220;on&#8220; padding_top_bottom_link_1=&#8220;false&#8220; padding_top_bottom_link_2=&#8220;false&#8220; _builder_version=&#8220;4.16&#8243; width_tablet=&#8220;&#8220; width_phone=&#8220;100%&#8220; width_last_edited=&#8220;on|phone&#8220; max_width=&#8220;none&#8220; max_width_tablet=&#8220;none&#8220; max_width_phone=&#8220;100%&#8220; max_width_last_edited=&#8220;on|phone&#8220; module_alignment=&#8220;center&#8220; custom_padding=&#8220;0px||||false&#8220; global_colors_info=&#8220;{}&#8220;][et_pb_column type=&#8220;1_2&#8243; _builder_version=&#8220;4.16&#8243; background_color=&#8220;#E15D2F&#8220; custom_padding=&#8220;6%|10%|10%|10%|false|true&#8220; custom_padding_tablet=&#8220;60px|10vw|60px|10vw|true|true&#8220; custom_padding_phone=&#8220;60px|10vw|60px|10vw|true|true&#8220; custom_padding_last_edited=&#8220;on|phone&#8220; global_colors_info=&#8220;{}&#8220; custom_padding__hover=&#8220;|||&#8220;][et_pb_text _builder_version=&#8220;4.16&#8243; text_font=&#8220;Lato||||||||&#8220; text_font_size=&#8220;22px&#8220; text_line_height=&#8220;1.8em&#8220; header_font=&#8220;|700|||||||&#8220; header_font_size=&#8220;42px&#8220; header_line_height=&#8220;1.2em&#8220; background_layout=&#8220;dark&#8220; text_font_size_tablet=&#8220;&#8220; text_font_size_phone=&#8220;18px&#8220; text_font_size_last_edited=&#8220;on|phone&#8220; header_font_size_tablet=&#8220;60px&#8220; header_font_size_phone=&#8220;36px&#8220; header_font_size_last_edited=&#8220;on|phone&#8220; global_colors_info=&#8220;{}&#8220;]<\/p>\n<h1>Unser Campingplatz<\/h1>\n<p>[\/et_pb_text][et_pb_divider color=&#8220;#ffffff&#8220; divider_weight=&#8220;5px&#8220; _builder_version=&#8220;4.16&#8243; max_width=&#8220;100px&#8220; global_colors_info=&#8220;{}&#8220;][\/et_pb_divider][et_pb_text _builder_version=&#8220;4.16&#8243; text_font=&#8220;Lato||||||||&#8220; text_line_height=&#8220;1.8em&#8220; header_font=&#8220;||||||||&#8220; header_2_font=&#8220;||||||||&#8220; header_2_font_size=&#8220;42px&#8220; header_2_line_height=&#8220;1.2em&#8220; text_orientation=&#8220;justify&#8220; background_layout=&#8220;dark&#8220; width=&#8220;100%&#8220; max_width=&#8220;400px&#8220; max_width_tablet=&#8220;100%&#8220; max_width_phone=&#8220;&#8220; max_width_last_edited=&#8220;on|tablet&#8220; custom_margin=&#8220;|||&#8220; text_font_size_tablet=&#8220;&#8220; text_font_size_phone=&#8220;18px&#8220; text_font_size_last_edited=&#8220;on|phone&#8220; header_2_font_tablet=&#8220;&#8220; header_2_font_phone=&#8220;&#8220; header_2_font_last_edited=&#8220;on|tablet&#8220; header_2_font_size_tablet=&#8220;&#8220; header_2_font_size_phone=&#8220;30px&#8220; header_2_font_size_last_edited=&#8220;on|desktop&#8220; text_text_align=&#8220;justify&#8220; global_colors_info=&#8220;{}&#8220;]<\/p>\n<p>Unser Campingplatz verf\u00fcgt \u00fcber alle notwendigen Einrichtungen, Strukturen f\u00fcr Surfer und eine mehrsprachige Rezeption. Er ist durch Wartungs- und \u00dcberwachungspersonal gesichert, das immer vor Ort ist, um Ihre Sicherheit in unserer sch\u00f6nen Umgebung zu gew\u00e4hrleisten!<\/p>\n<p>Weitere Einrichtungen warten auf Sie, wie Restaurants oder Bars, in denen Sie k\u00f6stlich verweilen k\u00f6nnen (auch mit Bier)! Kommen Sie zu uns an den Strand von Pin Sec \u2013 wir haben noch viele andere \u00dcberraschungen f\u00fcr Sie parat!<\/p>\n<p>[\/et_pb_text][\/et_pb_column][et_pb_column type=&#8220;1_2&#8243; _builder_version=&#8220;4.16&#8243; custom_padding=&#8220;140px|10vw|40px|&#8220; custom_padding_tablet=&#8220;30px|10vw||10vw||true&#8220; custom_padding_phone=&#8220;30px|10vw||10vw||true&#8220; custom_padding_last_edited=&#8220;on|tablet&#8220; global_colors_info=&#8220;{}&#8220; custom_padding__hover=&#8220;|||&#8220;][et_pb_video src=&#8220;https:\/\/pin-sec.com\/wp-content\/uploads\/2021\/12\/2021_12_20_17_48_49_728.mp4&#8243; src_webm=&#8220;https:\/\/pin-sec.com\/wp-content\/uploads\/2021\/12\/2021_12_20_17_48_49_728.webm&#8220; image_src=&#8220;https:\/\/pin-sec.com\/wp-content\/uploads\/2021\/12\/IMG_3429-scaled.jpg&#8220; thumbnail_overlay_color=&#8220;rgba(0,0,0,0.6)&#8220; _builder_version=&#8220;4.16&#8243; custom_margin=&#8220;|||-15%|false|false&#8220; custom_margin_tablet=&#8220;|||0px||false&#8220; custom_margin_phone=&#8220;&#8220; custom_margin_last_edited=&#8220;on|phone&#8220; border_width_all=&#8220;9px&#8220; border_color_all=&#8220;#ffffff&#8220; box_shadow_style=&#8220;preset3&#8243; box_shadow_vertical=&#8220;25px&#8220; box_shadow_blur=&#8220;105px&#8220; box_shadow_spread=&#8220;-15px&#8220; box_shadow_color=&#8220;rgba(0,0,0,0.25)&#8220; locked=&#8220;off&#8220; global_colors_info=&#8220;{}&#8220;][\/et_pb_video][et_pb_text _builder_version=&#8220;4.16&#8243; text_font=&#8220;Lato||||||||&#8220; text_line_height=&#8220;1.8em&#8220; header_font=&#8220;||||||||&#8220; header_2_font=&#8220;||||||||&#8220; header_2_font_size=&#8220;42px&#8220; header_2_line_height=&#8220;1.2em&#8220; text_orientation=&#8220;justified&#8220; max_width=&#8220;500px&#8220; custom_margin=&#8220;|||&#8220; text_font_size_tablet=&#8220;&#8220; text_font_size_phone=&#8220;18px&#8220; text_font_size_last_edited=&#8220;on|desktop&#8220; header_2_font_tablet=&#8220;&#8220; header_2_font_phone=&#8220;&#8220; header_2_font_last_edited=&#8220;on|tablet&#8220; header_2_font_size_tablet=&#8220;&#8220; header_2_font_size_phone=&#8220;30px&#8220; header_2_font_size_last_edited=&#8220;on|desktop&#8220; locked=&#8220;off&#8220; global_colors_info=&#8220;{}&#8220;]<\/p>\n<p>Der Campingplatz Pin Sec liegt an einem Sandstrand zwischen zwei Pinienw\u00e4ldern und der K\u00fcste des M\u00e9doc. Seine einzigartige Lage erm\u00f6glicht es Ihnen, unvergessliche Ferien in der Natur zu verbringen! Unser freundliches Team freut sich darauf, Sie in diesem Sommer begr\u00fc\u00dfen zu d\u00fcrfen, und wir hoffen, dass dies genau das ist, was Sie sich vorgestellt haben, als Sie von Ihrem idealen Urlaubsziel tr\u00e4umten.<\/p>\n<p>Das erste, was die Kunden sehen, wenn sie auf unserem Campingplatz ankommen, sind l\u00e4chelnde Gesichter, die bereit sind, alles zu tun, was sie brauchen, um loszulegen, z. B. nach einem St\u00e4dtetrip auszupacken oder mehr \u00fcber den Campingplatz zu erfahren.<\/p>\n<p>[\/et_pb_text][\/et_pb_column][\/et_pb_row][et_pb_row _builder_version=&#8220;4.16&#8243; global_colors_info=&#8220;{}&#8220;][et_pb_column type=&#8220;4_4&#8243; _builder_version=&#8220;4.16&#8243; custom_padding=&#8220;|||&#8220; global_colors_info=&#8220;{}&#8220; custom_padding__hover=&#8220;|||&#8220;][et_pb_image src=&#8220;https:\/\/pin-sec.com\/wp-content\/uploads\/2021\/12\/mortgage-18.png&#8220; _builder_version=&#8220;4.16&#8243; max_width=&#8220;700px&#8220; module_alignment=&#8220;center&#8220; global_colors_info=&#8220;{}&#8220;][\/et_pb_image][et_pb_text _builder_version=&#8220;4.16&#8243; text_font=&#8220;|700|||||||&#8220; text_font_size=&#8220;30px&#8220; text_line_height=&#8220;1.6em&#8220; header_font=&#8220;||||||||&#8220; header_2_font=&#8220;||||||||&#8220; max_width=&#8220;700px&#8220; module_alignment=&#8220;center&#8220; text_font_size_tablet=&#8220;&#8220; text_font_size_phone=&#8220;20px&#8220; text_font_size_last_edited=&#8220;on|desktop&#8220; global_colors_info=&#8220;{}&#8220;]Machen Sie Ihren Urlaub unvergesslich und verbringen Sie ihn auf dem Camping Pin Sec. Kontaktieren Sie uns noch heute![\/et_pb_text][\/et_pb_column][\/et_pb_row][\/et_pb_section][et_pb_section fb_built=&#8220;1&#8243; custom_padding_last_edited=&#8220;on|desktop&#8220; admin_label=&#8220;Features&#8220; _builder_version=&#8220;4.16&#8243; background_color=&#8220;#16233C&#8220; background_enable_image=&#8220;off&#8220; background_size=&#8220;contain&#8220; background_position=&#8220;bottom_center&#8220; custom_padding=&#8220;||6%||false|false&#8220; custom_padding_tablet=&#8220;0px||5vw&#8220; custom_padding_phone=&#8220;&#8220; box_shadow_vertical_tablet=&#8220;&#8220; box_shadow_vertical_phone=&#8220;&#8220; box_shadow_vertical_last_edited=&#8220;on|tablet&#8220; global_colors_info=&#8220;{}&#8220;][et_pb_row column_structure=&#8220;1_2,1_2&#8243; padding_top_bottom_link_2=&#8220;true&#8220; _builder_version=&#8220;4.16&#8243; global_colors_info=&#8220;{}&#8220;][et_pb_column type=&#8220;1_2&#8243; _builder_version=&#8220;4.16&#8243; custom_padding=&#8220;|||&#8220; global_colors_info=&#8220;{}&#8220; custom_padding__hover=&#8220;|||&#8220;][et_pb_image src=&#8220;https:\/\/pin-sec.com\/wp-content\/uploads\/2021\/12\/guille-pozzi-camping-pin-sec-scaled.jpg&#8220; alt=&#8220;femme et sa fille devant un coucher de soleil face \u00e0 l&#8217;oc\u00e9an&#8220; title_text=&#8220;guille-pozzi-camping-pin-sec&#8220; _builder_version=&#8220;4.16&#8243; max_width_tablet=&#8220;400px&#8220; max_width_phone=&#8220;&#8220; max_width_last_edited=&#8220;on|desktop&#8220; custom_margin=&#8220;||-80px|-10vw&#8220; custom_margin_tablet=&#8220;-60px||0px|0vw&#8220; custom_margin_phone=&#8220;&#8220; custom_margin_last_edited=&#8220;on|desktop&#8220; border_width_all=&#8220;30px&#8220; border_color_all=&#8220;#ffffff&#8220; box_shadow_style=&#8220;preset3&#8243; box_shadow_horizontal=&#8220;5px&#8220; box_shadow_vertical=&#8220;25px&#8220; box_shadow_blur=&#8220;105px&#8220; box_shadow_spread=&#8220;-30px&#8220; box_shadow_color=&#8220;rgba(0,0,0,0.25)&#8220; global_colors_info=&#8220;{}&#8220;][\/et_pb_image][\/et_pb_column][et_pb_column type=&#8220;1_2&#8243; _builder_version=&#8220;4.16&#8243; custom_padding=&#8220;60px||60px|&#8220; custom_padding_tablet=&#8220;0px||100px&#8220; custom_padding_phone=&#8220;0px||100px&#8220; custom_padding_last_edited=&#8220;on|desktop&#8220; global_colors_info=&#8220;{}&#8220; custom_padding__hover=&#8220;|||&#8220;][et_pb_text _builder_version=&#8220;4.16&#8243; text_font=&#8220;Lato||||||||&#8220; text_line_height=&#8220;1.8em&#8220; header_font=&#8220;||||||||&#8220; header_2_font=&#8220;|700|||||||&#8220; header_2_font_size=&#8220;42px&#8220; header_2_line_height=&#8220;1.2em&#8220; background_layout=&#8220;dark&#8220; max_width_tablet=&#8220;100%&#8220; max_width_last_edited=&#8220;off|desktop&#8220; custom_margin=&#8220;||20px|&#8220; header_2_font_tablet=&#8220;&#8220; header_2_font_phone=&#8220;&#8220; header_2_font_last_edited=&#8220;on|tablet&#8220; header_2_font_size_tablet=&#8220;&#8220; header_2_font_size_phone=&#8220;30px&#8220; header_2_font_size_last_edited=&#8220;on|desktop&#8220; global_colors_info=&#8220;{}&#8220;]<\/p>\n<h2>Eine Region voller Sch\u00f6nheit und Unterhaltung!<\/h2>\n<p>[\/et_pb_text][et_pb_blurb title=&#8220;Surfer-Camps&#8220; use_icon=&#8220;on&#8220; font_icon=&#8220;&#x52;||divi||400&#8243; icon_color=&#8220;#93adcf&#8220; icon_placement=&#8220;left&#8220; image_icon_width=&#8220;26px&#8220; content_max_width=&#8220;1100px&#8220; _builder_version=&#8220;4.16&#8243; header_font=&#8220;Lato||||||||&#8220; header_font_size=&#8220;18px&#8220; header_line_height=&#8220;1.4em&#8220; background_layout=&#8220;dark&#8220; custom_margin=&#8220;||8px&#8220; animation=&#8220;off&#8220; icon_font_size=&#8220;26px&#8220; locked=&#8220;off&#8220; global_colors_info=&#8220;{}&#8220;][\/et_pb_blurb][et_pb_blurb title=&#8220;Eine wilde K\u00fcste, wo die Natur regiert&#8220; use_icon=&#8220;on&#8220; font_icon=&#8220;&#x52;||divi||400&#8243; icon_color=&#8220;#93adcf&#8220; icon_placement=&#8220;left&#8220; image_icon_width=&#8220;26px&#8220; content_max_width=&#8220;1100px&#8220; _builder_version=&#8220;4.16&#8243; header_font=&#8220;Lato||||||||&#8220; header_font_size=&#8220;18px&#8220; header_line_height=&#8220;1.4em&#8220; background_layout=&#8220;dark&#8220; custom_margin=&#8220;||8px&#8220; animation=&#8220;off&#8220; icon_font_size=&#8220;26px&#8220; locked=&#8220;off&#8220; global_colors_info=&#8220;{}&#8220;][\/et_pb_blurb][et_pb_blurb title=&#8220;Zahlreiche Restaurants, Imbisse und Bars&#8220; use_icon=&#8220;on&#8220; font_icon=&#8220;&#x52;||divi||400&#8243; icon_color=&#8220;#93adcf&#8220; icon_placement=&#8220;left&#8220; image_icon_width=&#8220;26px&#8220; content_max_width=&#8220;1100px&#8220; _builder_version=&#8220;4.16&#8243; header_font=&#8220;Lato||||||||&#8220; header_font_size=&#8220;18px&#8220; header_line_height=&#8220;1.4em&#8220; background_layout=&#8220;dark&#8220; custom_margin=&#8220;||8px&#8220; animation=&#8220;off&#8220; icon_font_size=&#8220;26px&#8220; locked=&#8220;off&#8220; global_colors_info=&#8220;{}&#8220;][\/et_pb_blurb][et_pb_blurb title=&#8220;Fitnessstudio und Crossfit&#8220; use_icon=&#8220;on&#8220; font_icon=&#8220;&#x52;||divi||400&#8243; icon_color=&#8220;#93adcf&#8220; icon_placement=&#8220;left&#8220; image_icon_width=&#8220;26px&#8220; content_max_width=&#8220;1100px&#8220; _builder_version=&#8220;4.16&#8243; header_font=&#8220;Lato||||||||&#8220; header_font_size=&#8220;18px&#8220; header_line_height=&#8220;1.4em&#8220; background_layout=&#8220;dark&#8220; custom_margin=&#8220;||8px&#8220; animation=&#8220;off&#8220; icon_font_size=&#8220;26px&#8220; locked=&#8220;off&#8220; global_colors_info=&#8220;{}&#8220;][\/et_pb_blurb][et_pb_blurb title=&#8220;Wildtierpark, Fallschirmspringen, Paintball&#8230;&#8220; use_icon=&#8220;on&#8220; font_icon=&#8220;&#x52;||divi||400&#8243; icon_color=&#8220;#93adcf&#8220; icon_placement=&#8220;left&#8220; image_icon_width=&#8220;26px&#8220; content_max_width=&#8220;1100px&#8220; _builder_version=&#8220;4.16&#8243; header_font=&#8220;Lato||||||||&#8220; header_font_size=&#8220;18px&#8220; header_line_height=&#8220;1.4em&#8220; background_layout=&#8220;dark&#8220; custom_margin=&#8220;||8px&#8220; animation=&#8220;off&#8220; icon_font_size=&#8220;26px&#8220; locked=&#8220;off&#8220; global_colors_info=&#8220;{}&#8220;][\/et_pb_blurb][et_pb_blurb title=&#8220;Viele Weinschl\u00f6sser&#8220; use_icon=&#8220;on&#8220; font_icon=&#8220;&#x52;||divi||400&#8243; icon_color=&#8220;#93adcf&#8220; icon_placement=&#8220;left&#8220; image_icon_width=&#8220;26px&#8220; content_max_width=&#8220;1100px&#8220; _builder_version=&#8220;4.16&#8243; header_font=&#8220;Lato||||||||&#8220; header_font_size=&#8220;18px&#8220; header_line_height=&#8220;1.4em&#8220; background_layout=&#8220;dark&#8220; custom_margin=&#8220;||8px&#8220; animation=&#8220;off&#8220; icon_font_size=&#8220;26px&#8220; locked=&#8220;off&#8220; global_colors_info=&#8220;{}&#8220;][\/et_pb_blurb][et_pb_button button_url=&#8220;@ET-DC@eyJkeW5hbWljIjp0cnVlLCJjb250ZW50IjoicG9zdF9saW5rX3VybF9wYWdlIiwic2V0dGluZ3MiOnsicG9zdF9pZCI6IjUwMDc2In19@&#8220; button_text=&#8220;Kontakt&#8220; button_alignment=&#8220;left&#8220; _builder_version=&#8220;4.16&#8243; _dynamic_attributes=&#8220;button_url&#8220; button_icon=&#8220;&#x24;||divi||400&#8243; custom_margin=&#8220;40px||&#8220; custom_padding=&#8220;15px|40px|15px|40px|true|true&#8220; locked=&#8220;off&#8220; global_colors_info=&#8220;{}&#8220;][\/et_pb_button][\/et_pb_column][\/et_pb_row][\/et_pb_section][et_pb_section fb_built=&#8220;1&#8243; admin_label=&#8220;Partners &#8220; _builder_version=&#8220;4.16&#8243; global_colors_info=&#8220;{}&#8220;][et_pb_row _builder_version=&#8220;4.16&#8243; locked=&#8220;off&#8220; global_colors_info=&#8220;{}&#8220;][et_pb_column type=&#8220;4_4&#8243; _builder_version=&#8220;4.16&#8243; custom_padding=&#8220;|||&#8220; global_colors_info=&#8220;{}&#8220; custom_padding__hover=&#8220;|||&#8220;][et_pb_text _builder_version=&#8220;4.16&#8243; text_font=&#8220;||||||||&#8220; header_font=&#8220;||||||||&#8220; header_2_font=&#8220;|700|||||||&#8220; header_2_font_size=&#8220;60px&#8220; header_2_line_height=&#8220;1.2em&#8220; max_width=&#8220;600px&#8220; custom_margin=&#8220;||15px&#8220; header_2_font_size_tablet=&#8220;42px&#8220; header_2_font_size_phone=&#8220;30px&#8220; header_2_font_size_last_edited=&#8220;on|tablet&#8220; global_colors_info=&#8220;{}&#8220;]<\/p>\n<h2>Die Karte des Campingplatzes<\/h2>\n<p>[\/et_pb_text][et_pb_divider color=&#8220;#000000&#8243; divider_weight=&#8220;5px&#8220; _builder_version=&#8220;4.16&#8243; width=&#8220;150px&#8220; global_colors_info=&#8220;{}&#8220;][\/et_pb_divider][\/et_pb_column][\/et_pb_row][et_pb_row _builder_version=&#8220;4.16&#8243; _module_preset=&#8220;default&#8220; global_colors_info=&#8220;{}&#8220;][et_pb_column type=&#8220;4_4&#8243; _builder_version=&#8220;4.16&#8243; _module_preset=&#8220;default&#8220; global_colors_info=&#8220;{}&#8220;][et_pb_image src=&#8220;https:\/\/pin-sec.com\/wp-content\/uploads\/2024\/05\/V3-carte-camping-pinsec-2024.png&#8220; alt=&#8220;Karte &#8220; title_text=&#8220;carte-camping-pinsec-2024&#8243; show_in_lightbox=&#8220;on&#8220; _builder_version=&#8220;4.23.4&#8243; _module_preset=&#8220;default&#8220; hover_enabled=&#8220;0&#8243; global_colors_info=&#8220;{}&#8220; sticky_enabled=&#8220;0&#8243;][\/et_pb_image][\/et_pb_column][\/et_pb_row][\/et_pb_section]<\/p>\n","protected":false},"excerpt":{"rendered":"<p>Unser CampingplatzUnser Campingplatz verf\u00fcgt \u00fcber alle notwendigen Einrichtungen, Strukturen f\u00fcr Surfer und eine mehrsprachige Rezeption. Er ist durch Wartungs- und \u00dcberwachungspersonal gesichert, das immer vor Ort ist, um Ihre Sicherheit in unserer sch\u00f6nen Umgebung zu gew\u00e4hrleisten! Weitere Einrichtungen warten auf Sie, wie Restaurants oder Bars, in denen Sie k\u00f6stlich verweilen k\u00f6nnen (auch mit Bier)! Kommen [&hellip;]<\/p>\n","protected":false},"author":2,"featured_media":0,"parent":0,"menu_order":0,"comment_status":"closed","ping_status":"closed","template":"","meta":{"_et_pb_use_builder":"on","_et_pb_old_content":"","_et_gb_content_width":"","footnotes":""},"class_list":["post-50816","page","type-page","status-publish","hentry"],"yoast_head":"<!-- This site is optimized with the Yoast SEO plugin v21.8 - https:\/\/yoast.com\/wordpress\/plugins\/seo\/ -->\n<title>Campingplatz - Camping du Pin Sec<\/title>\n<meta name=\"robots\" content=\"index, follow, max-snippet:-1, max-image-preview:large, max-video-preview:-1\" \/>\n<link rel=\"canonical\" href=\"https:\/\/pin-sec.com\/de\/campingplatz\/\" \/>\n<meta property=\"og:locale\" content=\"de_DE\" \/>\n<meta property=\"og:type\" content=\"article\" \/>\n<meta property=\"og:title\" content=\"Campingplatz - Camping du Pin Sec\" \/>\n<meta property=\"og:description\" content=\"Unser CampingplatzUnser Campingplatz verf\u00fcgt \u00fcber alle notwendigen Einrichtungen, Strukturen f\u00fcr Surfer und eine mehrsprachige Rezeption. Er ist durch Wartungs- und \u00dcberwachungspersonal gesichert, das immer vor Ort ist, um Ihre Sicherheit in unserer sch\u00f6nen Umgebung zu gew\u00e4hrleisten! Weitere Einrichtungen warten auf Sie, wie Restaurants oder Bars, in denen Sie k\u00f6stlich verweilen k\u00f6nnen (auch mit Bier)! Kommen [&hellip;]\" \/>\n<meta property=\"og:url\" content=\"https:\/\/pin-sec.com\/de\/campingplatz\/\" \/>\n<meta property=\"og:site_name\" content=\"Camping du Pin Sec\" \/>\n<meta property=\"article:modified_time\" content=\"2024-05-22T11:20:37+00:00\" \/>\n<meta name=\"twitter:card\" content=\"summary_large_image\" \/>\n<meta name=\"twitter:label1\" content=\"Gesch\u00e4tzte Lesezeit\" \/>\n\t<meta name=\"twitter:data1\" content=\"9\u00a0Minuten\" \/>\n<script type=\"application\/ld+json\" class=\"yoast-schema-graph\">{\"@context\":\"https:\/\/schema.org\",\"@graph\":[{\"@type\":\"WebPage\",\"@id\":\"https:\/\/pin-sec.com\/de\/campingplatz\/\",\"url\":\"https:\/\/pin-sec.com\/de\/campingplatz\/\",\"name\":\"Campingplatz - Camping du Pin Sec\",\"isPartOf\":{\"@id\":\"https:\/\/pin-sec.com\/de\/#website\"},\"datePublished\":\"2022-01-11T10:43:51+00:00\",\"dateModified\":\"2024-05-22T11:20:37+00:00\",\"breadcrumb\":{\"@id\":\"https:\/\/pin-sec.com\/de\/campingplatz\/#breadcrumb\"},\"inLanguage\":\"de\",\"potentialAction\":[{\"@type\":\"ReadAction\",\"target\":[\"https:\/\/pin-sec.com\/de\/campingplatz\/\"]}]},{\"@type\":\"BreadcrumbList\",\"@id\":\"https:\/\/pin-sec.com\/de\/campingplatz\/#breadcrumb\",\"itemListElement\":[{\"@type\":\"ListItem\",\"position\":1,\"name\":\"Accueil\",\"item\":\"https:\/\/pin-sec.com\/de\/\"},{\"@type\":\"ListItem\",\"position\":2,\"name\":\"Campingplatz\"}]},{\"@type\":\"WebSite\",\"@id\":\"https:\/\/pin-sec.com\/de\/#website\",\"url\":\"https:\/\/pin-sec.com\/de\/\",\"name\":\"Camping du Pin Sec\",\"description\":\"Naujac-Sur-Mer\",\"potentialAction\":[{\"@type\":\"SearchAction\",\"target\":{\"@type\":\"EntryPoint\",\"urlTemplate\":\"https:\/\/pin-sec.com\/de\/?s={search_term_string}\"},\"query-input\":\"required name=search_term_string\"}],\"inLanguage\":\"de\"}]}<\/script>\n<!-- \/ Yoast SEO plugin. -->","yoast_head_json":{"title":"Campingplatz - Camping du Pin Sec","robots":{"index":"index","follow":"follow","max-snippet":"max-snippet:-1","max-image-preview":"max-image-preview:large","max-video-preview":"max-video-preview:-1"},"canonical":"https:\/\/pin-sec.com\/de\/campingplatz\/","og_locale":"de_DE","og_type":"article","og_title":"Campingplatz - Camping du Pin Sec","og_description":"Unser CampingplatzUnser Campingplatz verf\u00fcgt \u00fcber alle notwendigen Einrichtungen, Strukturen f\u00fcr Surfer und eine mehrsprachige Rezeption. Er ist durch Wartungs- und \u00dcberwachungspersonal gesichert, das immer vor Ort ist, um Ihre Sicherheit in unserer sch\u00f6nen Umgebung zu gew\u00e4hrleisten! Weitere Einrichtungen warten auf Sie, wie Restaurants oder Bars, in denen Sie k\u00f6stlich verweilen k\u00f6nnen (auch mit Bier)! Kommen [&hellip;]","og_url":"https:\/\/pin-sec.com\/de\/campingplatz\/","og_site_name":"Camping du Pin Sec","article_modified_time":"2024-05-22T11:20:37+00:00","twitter_card":"summary_large_image","twitter_misc":{"Gesch\u00e4tzte Lesezeit":"9\u00a0Minuten"},"schema":{"@context":"https:\/\/schema.org","@graph":[{"@type":"WebPage","@id":"https:\/\/pin-sec.com\/de\/campingplatz\/","url":"https:\/\/pin-sec.com\/de\/campingplatz\/","name":"Campingplatz - Camping du Pin Sec","isPartOf":{"@id":"https:\/\/pin-sec.com\/de\/#website"},"datePublished":"2022-01-11T10:43:51+00:00","dateModified":"2024-05-22T11:20:37+00:00","breadcrumb":{"@id":"https:\/\/pin-sec.com\/de\/campingplatz\/#breadcrumb"},"inLanguage":"de","potentialAction":[{"@type":"ReadAction","target":["https:\/\/pin-sec.com\/de\/campingplatz\/"]}]},{"@type":"BreadcrumbList","@id":"https:\/\/pin-sec.com\/de\/campingplatz\/#breadcrumb","itemListElement":[{"@type":"ListItem","position":1,"name":"Accueil","item":"https:\/\/pin-sec.com\/de\/"},{"@type":"ListItem","position":2,"name":"Campingplatz"}]},{"@type":"WebSite","@id":"https:\/\/pin-sec.com\/de\/#website","url":"https:\/\/pin-sec.com\/de\/","name":"Camping du Pin Sec","description":"Naujac-Sur-Mer","potentialAction":[{"@type":"SearchAction","target":{"@type":"EntryPoint","urlTemplate":"https:\/\/pin-sec.com\/de\/?s={search_term_string}"},"query-input":"required name=search_term_string"}],"inLanguage":"de"}]}},"_links":{"self":[{"href":"https:\/\/pin-sec.com\/de\/wp-json\/wp\/v2\/pages\/50816","targetHints":{"allow":["GET"]}}],"collection":[{"href":"https:\/\/pin-sec.com\/de\/wp-json\/wp\/v2\/pages"}],"about":[{"href":"https:\/\/pin-sec.com\/de\/wp-json\/wp\/v2\/types\/page"}],"author":[{"embeddable":true,"href":"https:\/\/pin-sec.com\/de\/wp-json\/wp\/v2\/users\/2"}],"replies":[{"embeddable":true,"href":"https:\/\/pin-sec.com\/de\/wp-json\/wp\/v2\/comments?post=50816"}],"version-history":[{"count":4,"href":"https:\/\/pin-sec.com\/de\/wp-json\/wp\/v2\/pages\/50816\/revisions"}],"predecessor-version":[{"id":51316,"href":"https:\/\/pin-sec.com\/de\/wp-json\/wp\/v2\/pages\/50816\/revisions\/51316"}],"wp:attachment":[{"href":"https:\/\/pin-sec.com\/de\/wp-json\/wp\/v2\/media?parent=50816"}],"curies":[{"name":"wp","href":"https:\/\/api.w.org\/{rel}","templated":true}]}}